{"id":1345,"date":"2020-02-04T12:38:09","date_gmt":"2020-02-04T11:38:09","guid":{"rendered":"http:\/\/gruen-und-huth.de\/?page_id=1345"},"modified":"2020-02-04T12:41:52","modified_gmt":"2020-02-04T11:41:52","slug":"haette","status":"publish","type":"page","link":"https:\/\/gruen-und-huth.de\/?page_id=1345","title":{"rendered":"H\u00e4tte &#8230;"},"content":{"rendered":"<p>Nat\u00fcrlich k\u00f6nnten Sie auch zu Hause bleiben !<br \/>\nSie w\u00fcrden allerdings einiges verpassen:\u00a0n\u00e4mlich das Mutmach-Programm <strong>H\u00c4TTE<\/strong> von Gr\u00fcn&amp;Huth<\/p>\n<p>Wenn Sie sich aufraffen k\u00f6nnten, bek\u00e4men Sie jede Menge Anregungen und w\u00fcrden\u00a0 sch\u00f6ne neue Songs im Indikativ und im Konjunktiv erleben d\u00fcrfen.<\/p>\n<p><a href=\"http:\/\/gruen-und-huth.de\/?page_id=1336\">Hier geht es zur zum Programm geh\u00f6renden CD<\/a><\/p>\n","protected":false},"excerpt":{"rendered":"<p>Nat\u00fcrlich k\u00f6nnten Sie auch zu Hause bleiben ! Sie w\u00fcrden allerdings einiges verpassen:\u00a0n\u00e4mlich das Mutmach-Programm H\u00c4TTE von Gr\u00fcn&amp;Huth Wenn Sie sich aufraffen k\u00f6nnten, bek\u00e4men Sie jede Menge Anregungen und w\u00fcrden\u00a0 sch\u00f6ne neue Songs im Indikativ und im Konjunktiv erleben d\u00fcrfen. &hellip; <a href=\"https:\/\/gruen-und-huth.de\/?page_id=1345\">Weiterlesen <span class=\"meta-nav\">&rarr;<\/span><\/a><\/p>\n","protected":false},"author":1,"featured_media":0,"parent":48,"menu_order":1,"comment_status":"closed","ping_status":"closed","template":"","meta":{"footnotes":""},"_links":{"self":[{"href":"https:\/\/gruen-und-huth.de\/index.php?rest_route=\/wp\/v2\/pages\/1345"}],"collection":[{"href":"https:\/\/gruen-und-huth.de\/index.php?rest_route=\/wp\/v2\/pages"}],"about":[{"href":"https:\/\/gruen-und-huth.de\/index.php?rest_route=\/wp\/v2\/types\/page"}],"author":[{"embeddable":true,"href":"https:\/\/gruen-und-huth.de\/index.php?rest_route=\/wp\/v2\/users\/1"}],"replies":[{"embeddable":true,"href":"https:\/\/gruen-und-huth.de\/index.php?rest_route=%2Fwp%2Fv2%2Fcomments&post=1345"}],"version-history":[{"count":1,"href":"https:\/\/gruen-und-huth.de\/index.php?rest_route=\/wp\/v2\/pages\/1345\/revisions"}],"predecessor-version":[{"id":1346,"href":"https:\/\/gruen-und-huth.de\/index.php?rest_route=\/wp\/v2\/pages\/1345\/revisions\/1346"}],"up":[{"embeddable":true,"href":"https:\/\/gruen-und-huth.de\/index.php?rest_route=\/wp\/v2\/pages\/48"}],"wp:attachment":[{"href":"https:\/\/gruen-und-huth.de\/index.php?rest_route=%2Fwp%2Fv2%2Fmedia&parent=1345"}],"curies":[{"name":"wp","href":"https:\/\/api.w.org\/{rel}","templated":true}]}}