{"id":38,"date":"2011-08-18T19:00:55","date_gmt":"2011-08-18T17:00:55","guid":{"rendered":"http:\/\/gruen-und-huth.maniwollner.de\/wordpress\/?page_id=38"},"modified":"2020-02-17T12:44:17","modified_gmt":"2020-02-17T11:44:17","slug":"ursula-hoffmann","status":"publish","type":"page","link":"https:\/\/gruen-und-huth.de\/?page_id=38","title":{"rendered":"Ursula Hoffmann"},"content":{"rendered":"<p><a href=\"http:\/\/gruen-und-huth.de\/wordpress\/wp-content\/uploads\/2011\/08\/CD2ursula.jpg\" rel=\"lightbox[38]\"><img loading=\"lazy\" decoding=\"async\" class=\"alignright\" style=\"margin-left: 20px; margin-right: 0px;\" title=\"Bei den Aufnahmen zu CD Nr. 2: Ursula im Studio\" src=\"http:\/\/gruen-und-huth.de\/wordpress\/wp-content\/uploads\/2011\/08\/CD2ursula.jpg\" alt=\"\" width=\"180\" height=\"129\" \/><\/a>wurde am 24. Juli 1955 in Lathen\/Ems geboren (da l\u00e4stert Huth schon mal ganz gern, aber Gr\u00fcn kann ja nix daf\u00fcr!)<br \/>\nHat ebenfalls drei Geschwister, alle j\u00fcnger.<br \/>\nUrsula Hofmann wurde auch auf die Liebfrauenschule geschickt. Was f\u00fcr ein Gl\u00fcck!<br \/>\nSie studierte ein paar Semester an der PH in Bonn, wurde dann Krankenschwester und arbeitete in Bonn und in Heidelberg.<br \/>\nHeute arbeitet sie in einer Grundschule.<\/p>\n<p><a href=\"http:\/\/gruen-und-huth.de\/wordpress\/wp-content\/uploads\/2011\/08\/Gr\u00fcn+Huth_Pressefoto2_web.jpg\" rel=\"lightbox[38]\"><img loading=\"lazy\" decoding=\"async\" class=\"alignleft\" style=\"margin-left: 0px; margin-right: 20px;\" title=\"Im Sommer 2011 auf der B\u00fchne des Bonner Pantheons\" src=\"http:\/\/gruen-und-huth.de\/wordpress\/wp-content\/uploads\/2011\/08\/Gr\u00fcn+Huth_Pressefoto2_web.jpg\" alt=\"\" width=\"192\" height=\"127\" \/><\/a>Sie ist immer noch verheiratet, auch ihre Kinder sind schon \u201egro\u00df\u201c. In ihrer Familie wurde immer schon viel gesungen. Und meistens bekam sie die zweite Stimme zugeteilt.<br \/>\nVon einem der Br\u00fcder lieh sie sich die Gitarre und brachte sich mit \u201eHouse of the rising sun\u201c die ersten Gitarrenakkorde bei.<br \/>\nUnd da ging es auch schon los mit <a title=\"Stephanie Huthmacher\" href=\"http:\/\/gruen-und-huth.de\/?page_id=36\">Stephanie<\/a> &#8230;<\/p>\n","protected":false},"excerpt":{"rendered":"<p>wurde am 24. Juli 1955 in Lathen\/Ems geboren (da l\u00e4stert Huth schon mal ganz gern, aber Gr\u00fcn kann ja nix daf\u00fcr!) Hat ebenfalls drei Geschwister, alle j\u00fcnger. Ursula Hofmann wurde auch auf die Liebfrauenschule geschickt. Was f\u00fcr ein Gl\u00fcck! Sie &hellip; <a href=\"https:\/\/gruen-und-huth.de\/?page_id=38\">Weiterlesen <span class=\"meta-nav\">&rarr;<\/span><\/a><\/p>\n","protected":false},"author":1,"featured_media":0,"parent":34,"menu_order":2,"comment_status":"closed","ping_status":"closed","template":"","meta":{"footnotes":""},"_links":{"self":[{"href":"https:\/\/gruen-und-huth.de\/index.php?rest_route=\/wp\/v2\/pages\/38"}],"collection":[{"href":"https:\/\/gruen-und-huth.de\/index.php?rest_route=\/wp\/v2\/pages"}],"about":[{"href":"https:\/\/gruen-und-huth.de\/index.php?rest_route=\/wp\/v2\/types\/page"}],"author":[{"embeddable":true,"href":"https:\/\/gruen-und-huth.de\/index.php?rest_route=\/wp\/v2\/users\/1"}],"replies":[{"embeddable":true,"href":"https:\/\/gruen-und-huth.de\/index.php?rest_route=%2Fwp%2Fv2%2Fcomments&post=38"}],"version-history":[{"count":8,"href":"https:\/\/gruen-und-huth.de\/index.php?rest_route=\/wp\/v2\/pages\/38\/revisions"}],"predecessor-version":[{"id":1159,"href":"https:\/\/gruen-und-huth.de\/index.php?rest_route=\/wp\/v2\/pages\/38\/revisions\/1159"}],"up":[{"embeddable":true,"href":"https:\/\/gruen-und-huth.de\/index.php?rest_route=\/wp\/v2\/pages\/34"}],"wp:attachment":[{"href":"https:\/\/gruen-und-huth.de\/index.php?rest_route=%2Fwp%2Fv2%2Fmedia&parent=38"}],"curies":[{"name":"wp","href":"https:\/\/api.w.org\/{rel}","templated":true}]}}