{"id":52,"date":"2011-08-18T19:09:22","date_gmt":"2011-08-18T17:09:22","guid":{"rendered":"http:\/\/gruen-und-huth.maniwollner.de\/wordpress\/?page_id=52"},"modified":"2020-02-04T12:43:56","modified_gmt":"2020-02-04T11:43:56","slug":"ich-singe-heut-mal-nur-fur-mich","status":"publish","type":"page","link":"https:\/\/gruen-und-huth.de\/?page_id=52","title":{"rendered":"Ich singe heut mal nur f\u00fcr mich"},"content":{"rendered":"<p><a href=\"http:\/\/gruen-und-huth.de\/wordpress\/wp-content\/uploads\/2011\/08\/Plakat2007.jpg\" rel=\"lightbox[52]\"><img loading=\"lazy\" decoding=\"async\" class=\"alignright\" style=\"margin-left: 20px; margin-right: 0px;\" title=\"Das Plakat zum Programm 2007\" src=\"http:\/\/gruen-und-huth.de\/wordpress\/wp-content\/uploads\/2011\/08\/Plakat2007.jpg\" alt=\"\" width=\"152\" height=\"216\" \/><\/a>Nun ja, ein bisschen neidisch ist man ja vielleicht schon &#8230; einmal auf Ludwig van B., also den mit dem Denkmal. Oder einsam, oder eifers\u00fcchtig auf die bl\u00f6de Tussi mit den sch\u00f6nen langen Haaren, oder fr\u00fcher auf die M\u00e4dels, die schon ein Mofa hatten.<br \/>\nMit <a title=\"CD: Ich singe heut mal nur f\u00fcr mich (2006)\" href=\"http:\/\/gruen-und-huth.de\/?page_id=46\">\u201eIch singe heut mal nur f\u00fcr mich\u201c<\/a> pr\u00e4sentieren Gr\u00fcn &amp; Huth Songs auch dar\u00fcber, wen oder was man alles manchmal gr\u00fcndlich satt hat. Dann singt man halt mal nur f\u00fcr sich oder f\u00fchrt ein angeregtes Selbst gespr\u00e4ch. Da h\u00f6rt einem doch wenigstens mal eine richtig zu.<br \/>\nDie beiden Frauen sind dabei gewohnt ironisch, geistreich, mit viel Witz, immer ein wenig augenzwinkernd, mit viel Distanz \u2013 nicht zuletzt zu sich selbst.<br \/>\nDa wird auch schon mal l\u00e4ssig ein Gedicht eingestreut, oder ein kleiner musikalischer Abstecher in die Oper.<\/p>\n<p><a href=\"http:\/\/gruen-und-huth.de\/wordpress\/wp-content\/uploads\/2011\/08\/gitarre_negligee.jpg\" rel=\"lightbox[52]\"><img loading=\"lazy\" decoding=\"async\" class=\"alignleft\" style=\"margin-left: 0px; margin-right: 20px;\" title=\"Damals ...: Gitarre + Neglig\u00e9e\" src=\"http:\/\/gruen-und-huth.de\/wordpress\/wp-content\/uploads\/2011\/08\/gitarre_negligee.jpg\" alt=\"\" width=\"150\" height=\"180\" \/><\/a>Gr\u00fcn &amp; Huth schonen sich nicht. Ruhig und trocken die eine, trifft ihr Spott die andere, die gute alte Freundin. Die gibt sich kess und stolpert nur leicht in ihren hochhackigen Schuhen.<\/p>\n","protected":false},"excerpt":{"rendered":"<p>Nun ja, ein bisschen neidisch ist man ja vielleicht schon &#8230; einmal auf Ludwig van B., also den mit dem Denkmal. Oder einsam, oder eifers\u00fcchtig auf die bl\u00f6de Tussi mit den sch\u00f6nen langen Haaren, oder fr\u00fcher auf die M\u00e4dels, die &hellip; <a href=\"https:\/\/gruen-und-huth.de\/?page_id=52\">Weiterlesen <span class=\"meta-nav\">&rarr;<\/span><\/a><\/p>\n","protected":false},"author":1,"featured_media":0,"parent":48,"menu_order":5,"comment_status":"closed","ping_status":"closed","template":"","meta":{"footnotes":""},"_links":{"self":[{"href":"https:\/\/gruen-und-huth.de\/index.php?rest_route=\/wp\/v2\/pages\/52"}],"collection":[{"href":"https:\/\/gruen-und-huth.de\/index.php?rest_route=\/wp\/v2\/pages"}],"about":[{"href":"https:\/\/gruen-und-huth.de\/index.php?rest_route=\/wp\/v2\/types\/page"}],"author":[{"embeddable":true,"href":"https:\/\/gruen-und-huth.de\/index.php?rest_route=\/wp\/v2\/users\/1"}],"replies":[{"embeddable":true,"href":"https:\/\/gruen-und-huth.de\/index.php?rest_route=%2Fwp%2Fv2%2Fcomments&post=52"}],"version-history":[{"count":7,"href":"https:\/\/gruen-und-huth.de\/index.php?rest_route=\/wp\/v2\/pages\/52\/revisions"}],"predecessor-version":[{"id":1170,"href":"https:\/\/gruen-und-huth.de\/index.php?rest_route=\/wp\/v2\/pages\/52\/revisions\/1170"}],"up":[{"embeddable":true,"href":"https:\/\/gruen-und-huth.de\/index.php?rest_route=\/wp\/v2\/pages\/48"}],"wp:attachment":[{"href":"https:\/\/gruen-und-huth.de\/index.php?rest_route=%2Fwp%2Fv2%2Fmedia&parent=52"}],"curies":[{"name":"wp","href":"https:\/\/api.w.org\/{rel}","templated":true}]}}