{"id":56,"date":"2011-08-18T19:17:18","date_gmt":"2011-08-18T17:17:18","guid":{"rendered":"http:\/\/gruen-und-huth.maniwollner.de\/wordpress\/?page_id=56"},"modified":"2015-11-11T15:33:22","modified_gmt":"2015-11-11T14:33:22","slug":"von-der-presse","status":"publish","type":"page","link":"https:\/\/gruen-und-huth.de\/?page_id=56","title":{"rendered":"Von der Presse"},"content":{"rendered":"<p>Hier finden Sie ein paar Ausz\u00fcge von dem, was die Presse so \u00fcber uns schreibt.<\/p>\n<p>Presse zu\u00a0<strong> Ich h\u00f6r ja zu<\/strong> \u00a0 \u00a02015<br \/>\nNach der Premiere:<br \/>\n<strong>Gr\u00fcn &amp; Huth<\/strong> begeisterten mit am\u00fcsanten Liedern zu allen Lebenslagen !<br \/>\nAuthentisch und professionell zugleich, als Duo eine tolle Mischung.<br \/>\nGenaral-Anzeiger Bonn, 11.11.2015<\/p>\n<h2>____________________<\/h2>\n<p><strong>Presse zu \u201e Melancholie <\/strong>&#8211;<strong> eine Detektivgeschichte&#8220;<\/strong><\/p>\n<p>Intelligent, musikalisch, nachdenklich, unterhaltsam und lustig war der<br \/>\nliterarisch-musikalische Abend mit dem Berufsphilosophen Thomas Ebers und den Chansonetten Ursula Hoffmann-Gr\u00fcnes alias Gr\u00fcn und Stephanie Huthmacher alias Huth im Kulturzentrum Hardtberg.<\/p>\n<p>General Anzeiger Bonn , 12.11. 2013<\/p>\n<p>&nbsp;<\/p>\n<h2>____________________<\/h2>\n<p>&nbsp;<\/p>\n<p><strong>Presse zum \u201eBonn-Berlin-Projekt\u201c mit Chansonier HaDi aus Berlin<\/strong><\/p>\n<p>Einen mitrei\u00dfenden Abend bekamen die zahlreichen Besucher im Kronensaal in Alfter\u00a0geboten. Gr\u00fcn &amp; Huth, ChansonKabarett-Duo aus Bonn, und HaDi, S\u00e4nger und Entertainer aus\u00a0Berlin, stellten ihr neu gestaltetes Programm mit H\u00f6hepunkten aus den aktuellen Vorstellungen, mit\u00a0Songs und Chansons \u00fcber Bonn und Berlin und \u00fcber das Leben als solches, mit allen H\u00f6hen und Tiefen, vor. (\u2026)<br \/>\nEin Gl\u00fcckstreffer f\u00fcr das Publikum, denn hier erg\u00e4nzen sich Humor und Witz gepaart mit sch\u00f6nen Stimmen.\u00a0 HaDis Texte, charmant und immer mit kleinem Augenzwinkern vorgetragen, laden zum Tr\u00e4umen und zum herzhaften Lachen gleicherma\u00dfen ein (\u2026)<br \/>\nWunderbar aufeinander eingespielt begeistern Gr\u00fcn &amp; Huth mit rheinischem Humor und sanften\u00a0Stimmen. Da wird der Bonn-Berlin-Beschluss ebenso zum H\u00f6hepunkt wie das Reihenhaus in Kessenich. Die Tr\u00e4ume vom Leben, der Liebe und den M\u00e4nnern werden vornehmlich mit leisen T\u00f6nen musikalisch aufbereitet und analysiert. L\u00e4ssig plaudern sie wie nebenher mit viel Selbstironie und immer freundlichem Blick \u00fcber ihre Mitmenschen.<\/p>\n<p>General Anzeiger Bonn, 23.10.12<br \/>\nBarbara Schick<\/p>\n<h2>____________________<br \/>\n<strong>Der Westen<\/strong><\/h2>\n<p><strong><a href=\"http:\/\/www.derwesten.de\/staedte\/werdohl\/rheinischer-frohsinn-im-kulturforum-id5079347.html\" target=\"_blank\">Rheinischer Frohsinn im Kulturforum<\/a><\/strong><\/p>\n<h2>____________________<br \/>\nPotsdam TV<\/h2>\n<p><strong><a href=\"http:\/\/www.potsdamtv.de\/kultur\/Chansonfestival-15505.html\" target=\"_blank\">Video vom Chansonfestival 2010 &#8230;<\/a><\/strong><\/p>\n<h2>____________________<br \/>\nYoutube<\/h2>\n<p><strong><a href=\"http:\/\/www.youtube.com\/watch?v=fPjA3DQ1nIk\" target=\"_blank\">Chansonfestival 2010 auf Youtube<\/a><\/strong><\/p>\n<h2>____________________<\/h2>\n<h2>\u201eW\u00e4r&#8216; ich ein Hund, w\u00e4rst du mein Knochen\u201c<\/h2>\n<p>Die beiden verstehen sich pr\u00e4chtig, aber sie gehen nicht zimperlich miteinander um, und das ist f\u00fcr das Publikum richtig unterhaltsam. Ursula Hoffmann und Stephanie Huthmacher sind &#8222;Gr\u00fcn und Huth&#8220;, sie singen selbstkomponierte Chansons und beleben ihr Programm immer wieder mit am\u00fcsanten Zwiegespr\u00e4chen. Nun pr\u00e4sentierten sie auf Einladung von Christian Tr\u00fctzler vom Verein Hardtbergkultur im Kulturzentrum in der Reihe &#8222;Kunst und Kulinaria&#8220; die Musik ihrer f\u00fcnften CD &#8222;Dinge des Lebens&#8220;.<\/p>\n<p><strong><a href=\"http:\/\/www.general-anzeiger-bonn.de\/lokales\/bonn\/hardtberg\/Waer-ich-ein-Hund-waerst-du-mein-Knochen-article728316.html\" target=\"_blank\">Mehr beim Bonner General-Anzeiger \u2013 online-Ausgabe vom 30.3.12<\/a><\/strong><\/p>\n<h2>____________________<\/h2>\n<h2>CHANSONFESTIVAL: Genial: Gr\u00fcn &amp; Huth Bonner Sieg im Schlosstheater<\/h2>\n<p>Unstrittiger H\u00f6hepunkt des S\u00e4ngerwettstreits aber waren zwei sich auff\u00e4llig unauff\u00e4llig gerierende Damen aus Bonn: Ursula Hoffmann und Stephanie Huthmacher sind \u201eGr\u00fcn &amp; Huth\u201c, ein so kongeniales Gitarren-Duo, dass es unerkl\u00e4rlich scheint, warum dessen Ruhm nicht l\u00e4ngst ins preu\u00dfische Kernland gedrungen ist, zumal sich die beiden vis-a-vis Beethoven auf einen eigenen Denkmalssockel setzen wollen. Rheinischer Humor, sp\u00f6ttelnde Ironie und unsentimentale Heiterkeit \u2013 das war so wohltuend pers\u00f6nlich und originell, dass sie von Publikum und Jury gleicherma\u00dfen aufs Siegerpodest gehievt wurden. Auf Platz zwei landeten die Melankomiker, auf Rang drei Christoph Sauer und Roland K\u00fchne, die dem seri\u00f6sen Schlager der goldenen Zwanziger ein\u00a0Handy-Zeitalter-Gesicht gaben.<br \/>\n<em><strong>(Von Lothar Krone) Potsdam, 21.11.10<\/strong><\/em><\/p>\n<h2>____________________<br \/>\nRheinischer Sieg in Potsdam: das Bonner Duo \u201eGr\u00fcn &amp; Huth\u201c<\/h2>\n<p>Gr\u00fcn &amp; Huth \u00fcberzeugten mit feinem Witz in Mimik und Gestik bei der Songdarbietung und konnten so die anderen Teilnehmer distanzieren.<br \/>\n<em><strong>(Christoph Freytag, 21.11.10)<\/strong><\/em><\/p>\n<h2>____________________<\/h2>\n<p>(&#8230;) kam es zur Preisverleihung, die verdienterma\u00dfen das Frauen-Duo &#8222;Gr\u00fcn&amp;Huth&#8220; aus Bonn doppelt f\u00fcr sich entscheiden konnte. Denn sowohl der Publikums- als auch der Jurypreis gingen an Ursula Hoffmann-Gr\u00fcnes und Stephanie Huthmacher, die sich seit Schulzeiten kennen, seit mehr als 20 Jahren gemeinsam auftreten und mit Humor, Tiefsinn und einer geh\u00f6rigen Portion Selbstironie sowohl \u00fcber die eigene Sehnsucht nach Ruhm als auch\u00a0\u00fcber den besonders guten Durststreckenfreund Heiner, und, als Highlight, ebenso originell wie allt\u00e4glich, \u00fcber die Liebe sangen.<\/p>\n<p><em><strong>Potsdamer Neueste Nachrichten, 21.11.10<\/strong><\/em><\/p>\n<h2>____________________<br \/>\nDie KulturNacht befl\u00fcgelt Kessenich<\/h2>\n<p>&#8230; Die Kessenicher KulturNacht bietet ein abwechslungsreiches Programm drinnen und drau\u00dfen. Im Lindenhof macht das Duo \u201eGr\u00fcn und Huth\u201c Musikkabarett &#8230;<br \/>\n<em><strong>General-Anzeiger Bonn, 2010<\/strong><\/em><\/p>\n<h2>____________________<br \/>\nUniversell und vielschichtig<\/h2>\n<p>(&#8230;) Das Publikum lauschte ihren Liedern, die thematisch so universell und vielschichtig sind, wie das Leben, da\u00df sie mit vornehmlich leisen T\u00f6nen auf musikalische Weise aufbereiten und analysieren.<br \/>\nTreffsicher wandeln sie auf dem schmalen Grat zwischen Betroffenheit und Schadenfreude.<br \/>\n<em><strong>Bonner Rundschau<\/strong><\/em><\/p>\n<h2>____________________<br \/>\nComedy-Festival in der \u201eHarmonie\u201c<\/h2>\n<p>(&#8230;) Das Bonner Frauenduo Gr\u00fcn &amp; Huth bot mit ihrem abwechslungsreichen Repertoire ein mitrei\u00dfendes Programm, bei dem sie besonders mit ihrem parodistischen Abba-Medley das Publikum \u00fcberzeugten. (&#8230;)<br \/>\n<em><strong>General Anzeiger Bonn<\/strong><\/em><\/p>\n","protected":false},"excerpt":{"rendered":"<p>Hier finden Sie ein paar Ausz\u00fcge von dem, was die Presse so \u00fcber uns schreibt. Presse zu\u00a0 Ich h\u00f6r ja zu \u00a0 \u00a02015 Nach der Premiere: Gr\u00fcn &amp; Huth begeisterten mit am\u00fcsanten Liedern zu allen Lebenslagen ! Authentisch und professionell &hellip; <a href=\"https:\/\/gruen-und-huth.de\/?page_id=56\">Weiterlesen <span class=\"meta-nav\">&rarr;<\/span><\/a><\/p>\n","protected":false},"author":1,"featured_media":0,"parent":54,"menu_order":1,"comment_status":"closed","ping_status":"closed","template":"","meta":{"footnotes":""},"_links":{"self":[{"href":"https:\/\/gruen-und-huth.de\/index.php?rest_route=\/wp\/v2\/pages\/56"}],"collection":[{"href":"https:\/\/gruen-und-huth.de\/index.php?rest_route=\/wp\/v2\/pages"}],"about":[{"href":"https:\/\/gruen-und-huth.de\/index.php?rest_route=\/wp\/v2\/types\/page"}],"author":[{"embeddable":true,"href":"https:\/\/gruen-und-huth.de\/index.php?rest_route=\/wp\/v2\/users\/1"}],"replies":[{"embeddable":true,"href":"https:\/\/gruen-und-huth.de\/index.php?rest_route=%2Fwp%2Fv2%2Fcomments&post=56"}],"version-history":[{"count":16,"href":"https:\/\/gruen-und-huth.de\/index.php?rest_route=\/wp\/v2\/pages\/56\/revisions"}],"predecessor-version":[{"id":1110,"href":"https:\/\/gruen-und-huth.de\/index.php?rest_route=\/wp\/v2\/pages\/56\/revisions\/1110"}],"up":[{"embeddable":true,"href":"https:\/\/gruen-und-huth.de\/index.php?rest_route=\/wp\/v2\/pages\/54"}],"wp:attachment":[{"href":"https:\/\/gruen-und-huth.de\/index.php?rest_route=%2Fwp%2Fv2%2Fmedia&parent=56"}],"curies":[{"name":"wp","href":"https:\/\/api.w.org\/{rel}","templated":true}]}}