{"id":590,"date":"2011-11-15T17:30:45","date_gmt":"2011-11-15T16:30:45","guid":{"rendered":"http:\/\/gruen-und-huth.de\/?page_id=590"},"modified":"2026-04-08T12:59:55","modified_gmt":"2026-04-08T10:59:55","slug":"videobox","status":"publish","type":"page","link":"https:\/\/gruen-und-huth.de\/?page_id=590","title":{"rendered":"Videobox"},"content":{"rendered":"<p><strong>Hallo Ludwig<\/strong><\/p>\n<p>Klicke auf den Link f\u00fcr das Video:<br \/>\n<a href=\"https:\/\/gruen-und-huth.de\/wordpress\/wp-content\/uploads\/2026\/04\/IMG_4316.mov\">Hallo Ludwig M\u00fcnsterplatz<\/a><br \/>\nauf dem M\u00fcnsterplatz in Bonn, 9. M\u00e4rz<\/p>\n<p>&nbsp;<\/p>\n<p>&nbsp;<\/p>\n<p><iframe loading=\"lazy\" title=\"Gr\u00fcn &amp; Huth: Jammern\" src=\"https:\/\/player.vimeo.com\/video\/445619489?dnt=1&amp;app_id=122963\" width=\"584\" height=\"329\" frameborder=\"0\" allow=\"autoplay; fullscreen; picture-in-picture; clipboard-write; encrypted-media; web-share\" referrerpolicy=\"strict-origin-when-cross-origin\"><\/iframe><\/p>\n<p><strong>Jammern<\/strong><br \/>\nLive im Studio aufgenommen am 8.7.2020<\/p>\n<p>&nbsp;<\/p>\n<p>&nbsp;<\/p>\n<p>&nbsp;<\/p>\n<p><iframe loading=\"lazy\" title=\"Gr\u00fcn &amp; Huth: Das Gl\u00fcck hat f\u00fcr mich heut keine Zeit\" src=\"https:\/\/player.vimeo.com\/video\/445640411?dnt=1&amp;app_id=122963\" width=\"584\" height=\"329\" frameborder=\"0\" allow=\"autoplay; fullscreen; picture-in-picture; clipboard-write; encrypted-media; web-share\" referrerpolicy=\"strict-origin-when-cross-origin\"><\/iframe><\/p>\n<p><strong>Das Gl\u00fcck hat f\u00fcr mich heut keine Zeit<\/strong><br \/>\nLive aufgenommen am 8.7.2020 (Open Air und ohne Publikum)<\/p>\n<p>&nbsp;<\/p>\n<p>&nbsp;<\/p>\n<p>&nbsp;<\/p>\n<p><iframe loading=\"lazy\" title=\"That&#039;s Life\" width=\"584\" height=\"438\" src=\"https:\/\/www.youtube.com\/embed\/49CAIbBLovM?feature=oembed\" frameborder=\"0\" allow=\"accelerometer; autoplay; clipboard-write; encrypted-media; gyroscope; picture-in-picture; web-share\" referrerpolicy=\"strict-origin-when-cross-origin\" allowfullscreen><\/iframe><br \/>\n<strong>That`s life<\/strong><br \/>\nLive aufgenommen am 9.4.2011 in Bonn, Kronensaal, Comedy und Cabaret Gala<\/p>\n<p><iframe loading=\"lazy\" title=\"Das muss Liebe sein\" width=\"584\" height=\"438\" src=\"https:\/\/www.youtube.com\/embed\/zRXeWLH9mts?feature=oembed\" frameborder=\"0\" allow=\"accelerometer; autoplay; clipboard-write; encrypted-media; gyroscope; picture-in-picture; web-share\" referrerpolicy=\"strict-origin-when-cross-origin\" allowfullscreen><\/iframe><br \/>\n<strong>Das muss Liebe sein<\/strong><br \/>\nLive aufgenommen am 9.4.2011 in Bonn, Kronensaal, Comedy und Cabaret Gala<\/p>\n<p><iframe loading=\"lazy\" title=\"Ganz weit weg\" width=\"584\" height=\"438\" src=\"https:\/\/www.youtube.com\/embed\/giBSdRUWsK4?feature=oembed\" frameborder=\"0\" allow=\"accelerometer; autoplay; clipboard-write; encrypted-media; gyroscope; picture-in-picture; web-share\" referrerpolicy=\"strict-origin-when-cross-origin\" allowfullscreen><\/iframe><br \/>\n<strong>Ganz weit weg<\/strong><br \/>\nLive aufgenommen\u00a02008 in Bonn, Theater im Anno Tubac<\/p>\n<p><iframe loading=\"lazy\" title=\"Schlimme Schicksale\" width=\"584\" height=\"329\" src=\"https:\/\/www.youtube.com\/embed\/n4pWf9DMgVs?feature=oembed\" frameborder=\"0\" allow=\"accelerometer; autoplay; clipboard-write; encrypted-media; gyroscope; picture-in-picture; web-share\" referrerpolicy=\"strict-origin-when-cross-origin\" allowfullscreen><\/iframe><br \/>\n<strong>Schlimme Schicksale<\/strong><br \/>\nLive aufgenommen am\u00a07.10. 2010 Adendorf, im \u201eDrehwerk 17\/19\u201c<\/p>\n<p><iframe loading=\"lazy\" title=\"W\u00e4r ich ein Cognac\" width=\"584\" height=\"438\" src=\"https:\/\/www.youtube.com\/embed\/G7pAnsbPt3w?feature=oembed\" frameborder=\"0\" allow=\"accelerometer; autoplay; clipboard-write; encrypted-media; gyroscope; picture-in-picture; web-share\" referrerpolicy=\"strict-origin-when-cross-origin\" allowfullscreen><\/iframe><br \/>\n<strong>W\u00e4r ich ein Cognac<\/strong><br \/>\nLive aufgenommen am 9.4.2011 in Bonn, Kronensaal, Comedy und Cabaret Gala<\/p>\n<p><iframe loading=\"lazy\" title=\"Beste Freundin\" width=\"584\" height=\"438\" src=\"https:\/\/www.youtube.com\/embed\/tZXYci-_52k?feature=oembed\" frameborder=\"0\" allow=\"accelerometer; autoplay; clipboard-write; encrypted-media; gyroscope; picture-in-picture; web-share\" referrerpolicy=\"strict-origin-when-cross-origin\" allowfullscreen><\/iframe><br \/>\n<strong>Beste Freundin<\/strong><br \/>\nLive aufgenommen am 14.10.2006 in Bonn,Theater im Anno Tubac<br \/>\n<em><strong>Parodie:<\/strong> Gr\u00fcn &amp; Huth als Heidrun Ida Koppka und Margarethe Eichten-Pierre von der Oper M\u00fcnchen<\/em><\/p>\n","protected":false},"excerpt":{"rendered":"<p>Hallo Ludwig Klicke auf den Link f\u00fcr das Video: Hallo Ludwig M\u00fcnsterplatz auf dem M\u00fcnsterplatz in Bonn, 9. M\u00e4rz &nbsp; &nbsp; Jammern Live im Studio aufgenommen am 8.7.2020 &nbsp; &nbsp; &nbsp; Das Gl\u00fcck hat f\u00fcr mich heut keine Zeit Live &hellip; <a href=\"https:\/\/gruen-und-huth.de\/?page_id=590\">Weiterlesen <span class=\"meta-nav\">&rarr;<\/span><\/a><\/p>\n","protected":false},"author":1,"featured_media":0,"parent":196,"menu_order":0,"comment_status":"closed","ping_status":"closed","template":"","meta":{"footnotes":""},"_links":{"self":[{"href":"https:\/\/gruen-und-huth.de\/index.php?rest_route=\/wp\/v2\/pages\/590"}],"collection":[{"href":"https:\/\/gruen-und-huth.de\/index.php?rest_route=\/wp\/v2\/pages"}],"about":[{"href":"https:\/\/gruen-und-huth.de\/index.php?rest_route=\/wp\/v2\/types\/page"}],"author":[{"embeddable":true,"href":"https:\/\/gruen-und-huth.de\/index.php?rest_route=\/wp\/v2\/users\/1"}],"replies":[{"embeddable":true,"href":"https:\/\/gruen-und-huth.de\/index.php?rest_route=%2Fwp%2Fv2%2Fcomments&post=590"}],"version-history":[{"count":30,"href":"https:\/\/gruen-und-huth.de\/index.php?rest_route=\/wp\/v2\/pages\/590\/revisions"}],"predecessor-version":[{"id":1862,"href":"https:\/\/gruen-und-huth.de\/index.php?rest_route=\/wp\/v2\/pages\/590\/revisions\/1862"}],"up":[{"embeddable":true,"href":"https:\/\/gruen-und-huth.de\/index.php?rest_route=\/wp\/v2\/pages\/196"}],"wp:attachment":[{"href":"https:\/\/gruen-und-huth.de\/index.php?rest_route=%2Fwp%2Fv2%2Fmedia&parent=590"}],"curies":[{"name":"wp","href":"https:\/\/api.w.org\/{rel}","templated":true}]}}