{"id":60,"date":"2011-08-18T19:29:33","date_gmt":"2011-08-18T17:29:33","guid":{"rendered":"http:\/\/gruen-und-huth.maniwollner.de\/wordpress\/?page_id=60"},"modified":"2020-02-17T12:45:13","modified_gmt":"2020-02-17T11:45:13","slug":"haufig-gestellte-fragen","status":"publish","type":"page","link":"https:\/\/gruen-und-huth.de\/?page_id=60","title":{"rendered":"H\u00e4ufig gestellte Fragen"},"content":{"rendered":"<h2><a href=\"http:\/\/gruen-und-huth.de\/wordpress\/wp-content\/uploads\/2011\/08\/CD1-Nonnen.jpg\" rel=\"lightbox[60]\"><img loading=\"lazy\" decoding=\"async\" class=\"alignright\" style=\"margin-left: 20px; margin-right: 0px;\" title=\"Die fr\u00fchen Gr\u00fcn und Huth, aus dem Booklet der 1. CD: Nonnen\" src=\"http:\/\/gruen-und-huth.de\/wordpress\/wp-content\/uploads\/2011\/08\/CD1-Nonnen.jpg\" alt=\"\" width=\"120\" height=\"180\" \/><\/a>Wann hat das mit Gr\u00fcn &amp; Huth angefangen?<br \/>\n<span class=\"Apple-style-span\" style=\"color: #333333; font-weight: 300;\">In einem 8 Quadratmeter gro\u00dfen \u201eJugendzimmer\u201c bei Ursula. Zusammen Gitarre spielen, St\u00fccke raush\u00f6ren, Griffe suchen, singen, zweite Stimme dazu, House of the rising sun, die Beatles, Peter Paul and Mary, Cat Stevens, Leonard Cohen, Brassens, alles, was wir mochten, auf Feten, in der Haus- WG zu zweit und die anderen haben mitgesungen. Dann sind wir auf die Stra\u00dfe gegangen: In der Fu\u00dfg\u00e4ngerzone in Bonn haben wir 90 DM in einer Stunde verdient und f\u00fchlten uns gro\u00df und gut. Als wir auf dem Kuhdamm in Berlin dicke Menschentrauben um uns sammelten, f\u00fchlten wir uns noch gr\u00f6\u00dfer und noch besser. Von da an Auftritte hier und da. Das erste eigene St\u00fcck entstand bei einer gemeinsamen Ferienwoche, in der es ununterbrochen geregnet hat: \u201eNachsaison\u201c. Und je l\u00e4nger wir lebten, desto mehr hatten wir \u00fcber das Leben zu singen.<br \/>\n<\/span>Seit wann tretet ihr regelm\u00e4\u00dfig auf?<br \/>\n<span class=\"Apple-style-span\" style=\"color: #333333; font-weight: 300;\">Seit etwa 1995 mit unserem 1. Programm \u201eLiebe Liebe Liebe\u201c im Theater im ANNO, das seitdem auch unser \u201eHaustheater\u201c geblieben ist.<\/span><\/h2>\n<h2><a href=\"http:\/\/gruen-und-huth.de\/wordpress\/wp-content\/uploads\/2011\/08\/schrankenfoto.jpg\" rel=\"lightbox[60]\"><img loading=\"lazy\" decoding=\"async\" class=\"alignleft\" style=\"margin-left: 0px; margin-right: 20px;\" title=\"\u201eOne of these trains...\u201c \u2013 Fotoaufnahmen f\u00fcr die 3. CD\" src=\"http:\/\/gruen-und-huth.de\/wordpress\/wp-content\/uploads\/2011\/08\/schrankenfoto.jpg\" alt=\"\" width=\"180\" height=\"152\" \/><\/a>Wie entstand der Name Gr\u00fcn &amp; Huth?<br \/>\n<span class=\"Apple-style-span\" style=\"color: #333333; font-weight: 300;\">Ursula besuchte mich in Paris, wo ich ein Jahr studiert habe. Die letzte Metro ist weg, ein langer Weg nach Hause, ein bisschen betrunken, haken wir uns unter und machen uns Mut mit dem Wanderreim \u201eEin Hut, ein Stock, ein Regenschirm\u201c. Wir k\u00fcrzen unsere Namen ab, damit sie ins Schema passen: \u201eGr\u00fcn Huth, immer gut\u201c, und vorw\u00e4rts r\u00fcckw\u00e4rts seit und ran und eins und zwei und drei &#8230;<\/span><\/h2>\n<h2>Wie entstehen Eure Songs?<br \/>\n<span class=\"Apple-style-span\" style=\"color: #333333; font-weight: 300;\">Es gibt viele Varianten: Ursula oder Stephanie schreibt einen kompletten Song, dann wird das Ganze nur noch arrangiert, Instrumente, Stimmen etc. Manchmal hat eine von uns nur den Text oder ein St\u00fcck Text, dann schreiben wir den Song zusammen zu Ende.<br \/>\n<\/span>Habt Ihr wirklich Stra\u00dfenmusik gemacht?<br \/>\n<span class=\"Apple-style-span\" style=\"color: #333333; font-weight: 300;\">Ja.<br \/>\n<\/span>Wann wart Ihr das erste mal auf der B\u00fchne?<br \/>\n<span class=\"Apple-style-span\" style=\"color: #333333; font-weight: 300;\">Gemeinsam in der 10. Klasse in der Schulaula als \u201eDear women singers\u201c.<br \/>\n<\/span>Habt Ihr eine Gesangsausbildung\/ Unterricht?<br \/>\n<span class=\"Apple-style-span\" style=\"color: #333333; font-weight: 300;\">Ursula: Fl\u00f6te und Geige bis die Familie streikte.( Stimmt wirklich)<br \/>\n<\/span><span class=\"Apple-style-span\" style=\"color: #333333; font-weight: 300;\">Stephanie: Klavier, 4 Wochen Blockfl\u00f6te Grundschule<br \/>\n<\/span>Warum k\u00f6nnt Ihr denn so supergut Franz\u00f6sisch sprechen?<br \/>\n<span class=\"Apple-style-span\" style=\"color: #333333; font-weight: 300;\">Stephanie hat eine franz\u00f6sische Gro\u00dfmutter und hat es auch ordentlich studiert. Ursula hatte\u00a0einfach ein paar Jahre einen Lover aus Frankreich.<br \/>\n<\/span>Kommt Ihr vom Schauspiel?<br \/>\n<span class=\"Apple-style-span\" style=\"color: #333333; font-weight: 300;\">Nein.<br \/>\n<\/span>Seid Ihr verheiratet?<br \/>\n<span class=\"Apple-style-span\" style=\"color: #333333; font-weight: 300;\">Ja, aber nicht miteinander. Ursula hat einen Ehemann, Stephanie hatte mal einen.<br \/>\n<\/span>Habt Ihr Kinder?<br \/>\n<span class=\"Apple-style-span\" style=\"color: #333333; font-weight: 300;\">Ursula drei, Stephanie zwei<\/span><\/h2>\n","protected":false},"excerpt":{"rendered":"<p>Wann hat das mit Gr\u00fcn &amp; Huth angefangen? In einem 8 Quadratmeter gro\u00dfen \u201eJugendzimmer\u201c bei Ursula. Zusammen Gitarre spielen, St\u00fccke raush\u00f6ren, Griffe suchen, singen, zweite Stimme dazu, House of the rising sun, die Beatles, Peter Paul and Mary, Cat Stevens, &hellip; <a href=\"https:\/\/gruen-und-huth.de\/?page_id=60\">Weiterlesen <span class=\"meta-nav\">&rarr;<\/span><\/a><\/p>\n","protected":false},"author":1,"featured_media":0,"parent":34,"menu_order":3,"comment_status":"closed","ping_status":"closed","template":"","meta":{"footnotes":""},"_links":{"self":[{"href":"https:\/\/gruen-und-huth.de\/index.php?rest_route=\/wp\/v2\/pages\/60"}],"collection":[{"href":"https:\/\/gruen-und-huth.de\/index.php?rest_route=\/wp\/v2\/pages"}],"about":[{"href":"https:\/\/gruen-und-huth.de\/index.php?rest_route=\/wp\/v2\/types\/page"}],"author":[{"embeddable":true,"href":"https:\/\/gruen-und-huth.de\/index.php?rest_route=\/wp\/v2\/users\/1"}],"replies":[{"embeddable":true,"href":"https:\/\/gruen-und-huth.de\/index.php?rest_route=%2Fwp%2Fv2%2Fcomments&post=60"}],"version-history":[{"count":17,"href":"https:\/\/gruen-und-huth.de\/index.php?rest_route=\/wp\/v2\/pages\/60\/revisions"}],"predecessor-version":[{"id":1396,"href":"https:\/\/gruen-und-huth.de\/index.php?rest_route=\/wp\/v2\/pages\/60\/revisions\/1396"}],"up":[{"embeddable":true,"href":"https:\/\/gruen-und-huth.de\/index.php?rest_route=\/wp\/v2\/pages\/34"}],"wp:attachment":[{"href":"https:\/\/gruen-und-huth.de\/index.php?rest_route=%2Fwp%2Fv2%2Fmedia&parent=60"}],"curies":[{"name":"wp","href":"https:\/\/api.w.org\/{rel}","templated":true}]}}