{"id":7,"date":"2011-08-18T18:01:44","date_gmt":"2011-08-18T16:01:44","guid":{"rendered":"http:\/\/gruen-und-huth.maniwollner.de\/wordpress\/?page_id=7"},"modified":"2026-05-12T16:16:18","modified_gmt":"2026-05-12T14:16:18","slug":"herzlich-willkommen-bei-grun-huth","status":"publish","type":"page","link":"https:\/\/gruen-und-huth.de\/","title":{"rendered":"Aktuelles"},"content":{"rendered":"<p><span style=\"color: #000000;\">Liebe Fans!<\/span><\/p>\n<p>Wir arbeiten gerade an einem neuen Programm: <span style=\"font-size: large;\">\u00a0Nix zu meckern<br \/>\n<\/span>Mit Songs, in denen wir wie immer das Leben be- \/ verarbeiten.<br \/>\nDemn\u00e4chst folgen Termine hierf\u00fcr.<\/p>\n<p>Zwischendurch k\u00f6nnt Ihr uns am Sonntag, dem 17. Mai um 18 Uhr in der <strong>Friedenskirche<\/strong> in Bonn und<br \/>\nam Montag, dem 18.Mai um 19 Uhr\u00a0im Caf\u00e9 Bistro <strong>Zartbitter<\/strong> h\u00f6ren und sehen.<\/p>\n<p><span style=\"color: #000000;\">F\u00fcr wichtige\u00a0 private Ereignisse wie Hochzeiten, Geburten, Renteneintritt, Scheidungen, Ehejubil\u00e4en (Papier, Eisen, Stahl,\u00a0 gr\u00fcn, golden, 50 Jahre geschafft, 100 Jahre geschafft etc ) kann man uns wie immer buchen. Einfach anrufen.<\/span><\/p>\n<p><span style=\"color: #000000;\">Bleibt gesund und munter!<\/span><br \/>\nGr\u00fcn &amp; Huth<\/p>\n<p>&nbsp;<\/p>\n<p>&nbsp;<\/p>\n<p>&nbsp;<\/p>\n<p>&nbsp;<\/p>\n","protected":false},"excerpt":{"rendered":"<p>Liebe Fans! Wir arbeiten gerade an einem neuen Programm: \u00a0Nix zu meckern Mit Songs, in denen wir wie immer das Leben be- \/ verarbeiten. Demn\u00e4chst folgen Termine hierf\u00fcr. Zwischendurch k\u00f6nnt Ihr uns am Sonntag, dem 17. Mai um 18 Uhr &hellip; <a href=\"https:\/\/gruen-und-huth.de\/\">Weiterlesen <span class=\"meta-nav\">&rarr;<\/span><\/a><\/p>\n","protected":false},"author":1,"featured_media":0,"parent":0,"menu_order":0,"comment_status":"closed","ping_status":"closed","template":"","meta":{"footnotes":""},"_links":{"self":[{"href":"https:\/\/gruen-und-huth.de\/index.php?rest_route=\/wp\/v2\/pages\/7"}],"collection":[{"href":"https:\/\/gruen-und-huth.de\/index.php?rest_route=\/wp\/v2\/pages"}],"about":[{"href":"https:\/\/gruen-und-huth.de\/index.php?rest_route=\/wp\/v2\/types\/page"}],"author":[{"embeddable":true,"href":"https:\/\/gruen-und-huth.de\/index.php?rest_route=\/wp\/v2\/users\/1"}],"replies":[{"embeddable":true,"href":"https:\/\/gruen-und-huth.de\/index.php?rest_route=%2Fwp%2Fv2%2Fcomments&post=7"}],"version-history":[{"count":67,"href":"https:\/\/gruen-und-huth.de\/index.php?rest_route=\/wp\/v2\/pages\/7\/revisions"}],"predecessor-version":[{"id":1874,"href":"https:\/\/gruen-und-huth.de\/index.php?rest_route=\/wp\/v2\/pages\/7\/revisions\/1874"}],"wp:attachment":[{"href":"https:\/\/gruen-und-huth.de\/index.php?rest_route=%2Fwp%2Fv2%2Fmedia&parent=7"}],"curies":[{"name":"wp","href":"https:\/\/api.w.org\/{rel}","templated":true}]}}