{"id":937,"date":"2013-05-22T18:09:33","date_gmt":"2013-05-22T16:09:33","guid":{"rendered":"http:\/\/gruen-und-huth.de\/?page_id=937"},"modified":"2020-02-04T12:42:02","modified_gmt":"2020-02-04T11:42:02","slug":"wir-mal-wieder","status":"publish","type":"page","link":"https:\/\/gruen-und-huth.de\/?page_id=937","title":{"rendered":"Wir mal wieder"},"content":{"rendered":"<p>Hier sind wir wieder mit einem neuen Programm:<br \/>\neiner Mischung aus unseren alten und neuen Liedern.<br \/>\nIn gewohnter Weise, schauen Sie doch mal <a title=\"F\u00fcr die Presse\" href=\"http:\/\/gruen-und-huth.de\/Material\/PresseInfo_Gruen_Huth.pdf\">hier<\/a>.<\/p>\n<p>(Unser gesch\u00e4tzter Philosoph Thomas Ebers schweigt an diesem Abend, <em>denkt nach<\/em> und k\u00fcmmert sich ausschlie\u00dflich um die Technik.)<\/p>\n<p>&nbsp;<\/p>\n","protected":false},"excerpt":{"rendered":"<p>Hier sind wir wieder mit einem neuen Programm: einer Mischung aus unseren alten und neuen Liedern. In gewohnter Weise, schauen Sie doch mal hier. (Unser gesch\u00e4tzter Philosoph Thomas Ebers schweigt an diesem Abend, denkt nach und k\u00fcmmert sich ausschlie\u00dflich um &hellip; <a href=\"https:\/\/gruen-und-huth.de\/?page_id=937\">Weiterlesen <span class=\"meta-nav\">&rarr;<\/span><\/a><\/p>\n","protected":false},"author":2,"featured_media":0,"parent":48,"menu_order":3,"comment_status":"closed","ping_status":"closed","template":"","meta":{"footnotes":""},"_links":{"self":[{"href":"https:\/\/gruen-und-huth.de\/index.php?rest_route=\/wp\/v2\/pages\/937"}],"collection":[{"href":"https:\/\/gruen-und-huth.de\/index.php?rest_route=\/wp\/v2\/pages"}],"about":[{"href":"https:\/\/gruen-und-huth.de\/index.php?rest_route=\/wp\/v2\/types\/page"}],"author":[{"embeddable":true,"href":"https:\/\/gruen-und-huth.de\/index.php?rest_route=\/wp\/v2\/users\/2"}],"replies":[{"embeddable":true,"href":"https:\/\/gruen-und-huth.de\/index.php?rest_route=%2Fwp%2Fv2%2Fcomments&post=937"}],"version-history":[{"count":11,"href":"https:\/\/gruen-und-huth.de\/index.php?rest_route=\/wp\/v2\/pages\/937\/revisions"}],"predecessor-version":[{"id":1349,"href":"https:\/\/gruen-und-huth.de\/index.php?rest_route=\/wp\/v2\/pages\/937\/revisions\/1349"}],"up":[{"embeddable":true,"href":"https:\/\/gruen-und-huth.de\/index.php?rest_route=\/wp\/v2\/pages\/48"}],"wp:attachment":[{"href":"https:\/\/gruen-und-huth.de\/index.php?rest_route=%2Fwp%2Fv2%2Fmedia&parent=937"}],"curies":[{"name":"wp","href":"https:\/\/api.w.org\/{rel}","templated":true}]}}